{"id":2456,"date":"2026-03-31T11:39:23","date_gmt":"2026-03-31T11:39:23","guid":{"rendered":"https:\/\/ascensoracuatico.com\/accessories-for-lifts\/"},"modified":"2026-04-10T13:13:16","modified_gmt":"2026-04-10T13:13:16","slug":"accessories-for-lifts","status":"publish","type":"page","link":"https:\/\/ascensoracuatico.com\/en\/accessories-for-lifts\/","title":{"rendered":"Accessories for lifts"},"content":{"rendered":"\t\t<div data-elementor-type=\"wp-page\" data-elementor-id=\"2456\" class=\"elementor elementor-2456 elementor-1724\" data-elementor-post-type=\"page\">\n\t\t\t\t<div class=\"elementor-element elementor-element-9775672 e-flex e-con-boxed e-con e-parent\" data-id=\"9775672\" data-element_type=\"container\" data-e-type=\"container\" data-settings=\"{&quot;background_background&quot;:&quot;classic&quot;}\">\n\t\t\t\t\t<div class=\"e-con-inner\">\n\t\t<div class=\"elementor-element elementor-element-e151dac e-con-full e-flex e-con e-child\" data-id=\"e151dac\" data-element_type=\"container\" data-e-type=\"container\">\n\t\t\t\t<div class=\"elementor-element elementor-element-00152ae elementor-widget elementor-widget-heading\" data-id=\"00152ae\" data-element_type=\"widget\" data-e-type=\"widget\" data-widget_type=\"heading.default\">\n\t\t\t\t\t<h1 class=\"elementor-heading-title elementor-size-default\">Accessories for lifts<\/h1>\t\t\t\t<\/div>\n\t\t\t\t<\/div>\n\t\t<div class=\"elementor-element elementor-element-6dcf84b e-con-full e-flex e-con e-child\" data-id=\"6dcf84b\" data-element_type=\"container\" data-e-type=\"container\">\n\t\t\t\t<div class=\"elementor-element elementor-element-8979a01 elementor-widget__width-initial elementor-widget-tablet__width-initial elementor-widget-mobile__width-inherit elementor-widget elementor-widget-text-editor\" data-id=\"8979a01\" data-element_type=\"widget\" data-e-type=\"widget\" data-widget_type=\"text-editor.default\">\n\t\t\t\t\t\t\t\t\t<p>METALU Pool Lifts offer the option to add certain accessories with the aim of increasing user comfort and safety, resulting in a more ergonomic product. These can be easily attached at any time, both when purchasing the swimming pool hoist and later on, regardless of whether it is already installed.<\/p>\t\t\t\t\t\t\t\t<\/div>\n\t\t\t\t<div class=\"elementor-element elementor-element-3553d66 elementor-widget__width-initial elementor-widget-tablet__width-inherit elementor-widget-mobile__width-inherit elementor-widget elementor-widget-text-editor\" data-id=\"3553d66\" data-element_type=\"widget\" data-e-type=\"widget\" data-widget_type=\"text-editor.default\">\n\t\t\t\t\t\t\t\t\t<p>Multiple accessories can be included at once, according to the customer&#8217;s needs or preference, and they can be combined with each other without problem, as they are all compatible.<\/p>\t\t\t\t\t\t\t\t<\/div>\n\t\t\t\t<\/div>\n\t\t\t\t\t<\/div>\n\t\t\t\t<\/div>\n\t\t<div class=\"elementor-element elementor-element-e12c23a e-flex e-con-boxed e-con e-parent\" data-id=\"e12c23a\" data-element_type=\"container\" data-e-type=\"container\" data-settings=\"{&quot;background_background&quot;:&quot;classic&quot;}\">\n\t\t\t\t\t<div class=\"e-con-inner\">\n\t\t\t\t<div class=\"elementor-element elementor-element-f3464af elementor-grid-3 elementor-grid-tablet-2 elementor-grid-mobile-1 elementor-widget elementor-widget-loop-grid\" data-id=\"f3464af\" data-element_type=\"widget\" data-e-type=\"widget\" data-settings=\"{&quot;template_id&quot;:3076,&quot;columns&quot;:3,&quot;_skin&quot;:&quot;post&quot;,&quot;columns_tablet&quot;:&quot;2&quot;,&quot;columns_mobile&quot;:&quot;1&quot;,&quot;edit_handle_selector&quot;:&quot;[data-elementor-type=\\&quot;loop-item\\&quot;]&quot;,&quot;row_gap&quot;:{&quot;unit&quot;:&quot;px&quot;,&quot;size&quot;:&quot;&quot;,&quot;sizes&quot;:[]},&quot;row_gap_tablet&quot;:{&quot;unit&quot;:&quot;px&quot;,&quot;size&quot;:&quot;&quot;,&quot;sizes&quot;:[]},&quot;row_gap_mobile&quot;:{&quot;unit&quot;:&quot;px&quot;,&quot;size&quot;:&quot;&quot;,&quot;sizes&quot;:[]}}\" data-widget_type=\"loop-grid.post\">\n\t\t\t\t<div class=\"elementor-widget-container\">\n\t\t\t\t\t\t\t<div class=\"elementor-loop-container elementor-grid\" role=\"list\">\n\t\t<style id=\"loop-3076\">.elementor-3076 .elementor-element.elementor-element-d6c0d3a{--display:flex;--flex-direction:column;--container-widget-width:100%;--container-widget-height:initial;--container-widget-flex-grow:0;--container-widget-align-self:initial;--flex-wrap-mobile:wrap;--gap:10px 10px;--row-gap:10px;--column-gap:10px;--border-radius:15px 15px 15px 15px;}.elementor-3076 .elementor-element.elementor-element-d6c0d3a:not(.elementor-motion-effects-element-type-background), .elementor-3076 .elementor-element.elementor-element-d6c0d3a > .elementor-motion-effects-container > .elementor-motion-effects-layer{background-color:var( --e-global-color-primary );}.elementor-widget-image .widget-image-caption{color:var( --e-global-color-text );font-family:var( --e-global-typography-text-font-family ), Sans-serif;font-size:var( --e-global-typography-text-font-size );font-weight:var( --e-global-typography-text-font-weight );line-height:var( --e-global-typography-text-line-height );}.elementor-3076 .elementor-element.elementor-element-71ee976 img{border-radius:10px 10px 10px 10px;}.elementor-widget-heading .elementor-heading-title{font-family:var( --e-global-typography-primary-font-family ), Sans-serif;font-size:var( --e-global-typography-primary-font-size );font-weight:var( --e-global-typography-primary-font-weight );line-height:var( --e-global-typography-primary-line-height );color:var( --e-global-color-primary );}.elementor-3076 .elementor-element.elementor-element-a6322c1 .elementor-heading-title{font-family:var( --e-global-typography-46225ab-font-family ), Sans-serif;font-size:var( --e-global-typography-46225ab-font-size );font-weight:var( --e-global-typography-46225ab-font-weight );line-height:var( --e-global-typography-46225ab-line-height );letter-spacing:var( --e-global-typography-46225ab-letter-spacing );word-spacing:var( --e-global-typography-46225ab-word-spacing );color:var( --e-global-color-secondary );}.elementor-widget-text-editor{font-family:var( --e-global-typography-text-font-family ), Sans-serif;font-size:var( --e-global-typography-text-font-size );font-weight:var( --e-global-typography-text-font-weight );line-height:var( --e-global-typography-text-line-height );color:var( --e-global-color-text );}.elementor-widget-text-editor.elementor-drop-cap-view-stacked .elementor-drop-cap{background-color:var( --e-global-color-primary );}.elementor-widget-text-editor.elementor-drop-cap-view-framed .elementor-drop-cap, .elementor-widget-text-editor.elementor-drop-cap-view-default .elementor-drop-cap{color:var( --e-global-color-primary );border-color:var( --e-global-color-primary );}.elementor-3076 .elementor-element.elementor-element-eb2bc66{font-family:var( --e-global-typography-20d6e6b-font-family ), Sans-serif;font-size:var( --e-global-typography-20d6e6b-font-size );font-weight:var( --e-global-typography-20d6e6b-font-weight );line-height:var( --e-global-typography-20d6e6b-line-height );letter-spacing:var( --e-global-typography-20d6e6b-letter-spacing );word-spacing:var( --e-global-typography-20d6e6b-word-spacing );color:var( --e-global-color-secondary );padding:0% 0% 6% 0%;}@media(min-width:768px){.elementor-3076 .elementor-element.elementor-element-d6c0d3a{--content-width:500px;}}@media(max-width:1024px){.elementor-widget-image .widget-image-caption{font-size:var( --e-global-typography-text-font-size );line-height:var( --e-global-typography-text-line-height );}.elementor-widget-heading .elementor-heading-title{font-size:var( --e-global-typography-primary-font-size );line-height:var( --e-global-typography-primary-line-height );}.elementor-3076 .elementor-element.elementor-element-a6322c1 .elementor-heading-title{font-size:var( --e-global-typography-46225ab-font-size );line-height:var( --e-global-typography-46225ab-line-height );letter-spacing:var( --e-global-typography-46225ab-letter-spacing );word-spacing:var( --e-global-typography-46225ab-word-spacing );}.elementor-widget-text-editor{font-size:var( --e-global-typography-text-font-size );line-height:var( --e-global-typography-text-line-height );}.elementor-3076 .elementor-element.elementor-element-eb2bc66{font-size:var( --e-global-typography-20d6e6b-font-size );line-height:var( --e-global-typography-20d6e6b-line-height );letter-spacing:var( --e-global-typography-20d6e6b-letter-spacing );word-spacing:var( --e-global-typography-20d6e6b-word-spacing );}}@media(max-width:767px){.elementor-widget-image .widget-image-caption{font-size:var( --e-global-typography-text-font-size );line-height:var( --e-global-typography-text-line-height );}.elementor-widget-heading .elementor-heading-title{font-size:var( --e-global-typography-primary-font-size );line-height:var( --e-global-typography-primary-line-height );}.elementor-3076 .elementor-element.elementor-element-a6322c1 .elementor-heading-title{font-size:var( --e-global-typography-46225ab-font-size );line-height:var( --e-global-typography-46225ab-line-height );letter-spacing:var( --e-global-typography-46225ab-letter-spacing );word-spacing:var( --e-global-typography-46225ab-word-spacing );}.elementor-widget-text-editor{font-size:var( --e-global-typography-text-font-size );line-height:var( --e-global-typography-text-line-height );}.elementor-3076 .elementor-element.elementor-element-eb2bc66{font-size:var( --e-global-typography-20d6e6b-font-size );line-height:var( --e-global-typography-20d6e6b-line-height );letter-spacing:var( --e-global-typography-20d6e6b-letter-spacing );word-spacing:var( --e-global-typography-20d6e6b-word-spacing );}}<\/style>\t\t<div data-elementor-type=\"loop-item\" data-elementor-id=\"3076\" class=\"elementor elementor-3076 elementor-1730 elementor-1730 e-loop-item e-loop-item-2751 post-2751 complemento-acf type-complemento-acf status-publish has-post-thumbnail hentry\" data-elementor-post-type=\"elementor_library\" data-custom-edit-handle=\"1\">\n\t\t\t<div class=\"elementor-element elementor-element-d6c0d3a e-flex e-con-boxed e-con e-parent\" data-id=\"d6c0d3a\" data-element_type=\"container\" data-e-type=\"container\" data-settings=\"{&quot;background_background&quot;:&quot;classic&quot;}\">\n\t\t\t\t\t<div class=\"e-con-inner\">\n\t\t\t\t<div class=\"elementor-element elementor-element-71ee976 elementor-widget elementor-widget-image\" data-id=\"71ee976\" data-element_type=\"widget\" data-e-type=\"widget\" data-widget_type=\"image.default\">\n\t\t\t\t\t\t\t\t\t\t\t\t\t\t\t<img fetchpriority=\"high\" decoding=\"async\" width=\"600\" height=\"463\" src=\"https:\/\/ascensoracuatico.com\/wp-content\/uploads\/2026\/03\/comp1.jpg\" class=\"attachment-large size-large wp-image-2750\" alt=\"\" srcset=\"https:\/\/ascensoracuatico.com\/wp-content\/uploads\/2026\/03\/comp1.jpg 600w, https:\/\/ascensoracuatico.com\/wp-content\/uploads\/2026\/03\/comp1-64x49.jpg 64w, https:\/\/ascensoracuatico.com\/wp-content\/uploads\/2026\/03\/comp1-300x232.jpg 300w, https:\/\/ascensoracuatico.com\/wp-content\/uploads\/2026\/03\/comp1-80x62.jpg 80w\" sizes=\"(max-width: 600px) 100vw, 600px\" \/>\t\t\t\t\t\t\t\t\t\t\t\t\t\t\t<\/div>\n\t\t\t\t<div class=\"elementor-element elementor-element-a6322c1 elementor-widget elementor-widget-heading\" data-id=\"a6322c1\" data-element_type=\"widget\" data-e-type=\"widget\" data-widget_type=\"heading.default\">\n\t\t\t\t\t<h2 class=\"elementor-heading-title elementor-size-default\">Folding armrests<\/h2>\t\t\t\t<\/div>\n\t\t\t\t<div class=\"elementor-element elementor-element-eb2bc66 elementor-widget elementor-widget-text-editor\" data-id=\"eb2bc66\" data-element_type=\"widget\" data-e-type=\"widget\" data-widget_type=\"text-editor.default\">\n\t\t\t\t\t\t\t\t\t<p>All our lifts include an armrest on the right side. But, in addition, we give the option of adding an additional folding armrest on the other side to make it safer for the user. This can be raised for transfer to the chair<strong>. This is possible on all models.<\/strong>  <\/p>\n\t\t\t\t\t\t\t\t<\/div>\n\t\t\t\t\t<\/div>\n\t\t\t\t<\/div>\n\t\t\t\t<\/div>\n\t\t\t\t<div data-elementor-type=\"loop-item\" data-elementor-id=\"3076\" class=\"elementor elementor-3076 elementor-1730 elementor-1730 e-loop-item e-loop-item-2740 post-2740 complemento-acf type-complemento-acf status-publish has-post-thumbnail hentry\" data-elementor-post-type=\"elementor_library\" data-custom-edit-handle=\"1\">\n\t\t\t<div class=\"elementor-element elementor-element-d6c0d3a e-flex e-con-boxed e-con e-parent\" data-id=\"d6c0d3a\" data-element_type=\"container\" data-e-type=\"container\" data-settings=\"{&quot;background_background&quot;:&quot;classic&quot;}\">\n\t\t\t\t\t<div class=\"e-con-inner\">\n\t\t\t\t<div class=\"elementor-element elementor-element-71ee976 elementor-widget elementor-widget-image\" data-id=\"71ee976\" data-element_type=\"widget\" data-e-type=\"widget\" data-widget_type=\"image.default\">\n\t\t\t\t\t\t\t\t\t\t\t\t\t\t\t<img decoding=\"async\" width=\"600\" height=\"463\" src=\"https:\/\/ascensoracuatico.com\/wp-content\/uploads\/2026\/03\/comp5.jpg\" class=\"attachment-large size-large wp-image-2741\" alt=\"\" srcset=\"https:\/\/ascensoracuatico.com\/wp-content\/uploads\/2026\/03\/comp5.jpg 600w, https:\/\/ascensoracuatico.com\/wp-content\/uploads\/2026\/03\/comp5-64x49.jpg 64w, https:\/\/ascensoracuatico.com\/wp-content\/uploads\/2026\/03\/comp5-300x232.jpg 300w, https:\/\/ascensoracuatico.com\/wp-content\/uploads\/2026\/03\/comp5-80x62.jpg 80w\" sizes=\"(max-width: 600px) 100vw, 600px\" \/>\t\t\t\t\t\t\t\t\t\t\t\t\t\t\t<\/div>\n\t\t\t\t<div class=\"elementor-element elementor-element-a6322c1 elementor-widget elementor-widget-heading\" data-id=\"a6322c1\" data-element_type=\"widget\" data-e-type=\"widget\" data-widget_type=\"heading.default\">\n\t\t\t\t\t<h2 class=\"elementor-heading-title elementor-size-default\">Protective cover<\/h2>\t\t\t\t<\/div>\n\t\t\t\t<div class=\"elementor-element elementor-element-eb2bc66 elementor-widget elementor-widget-text-editor\" data-id=\"eb2bc66\" data-element_type=\"widget\" data-e-type=\"widget\" data-widget_type=\"text-editor.default\">\n\t\t\t\t\t\t\t\t\t<p>This is an exclusive <strong>accessory<\/strong> for the <a href=\"https:\/\/ascensoracuatico.com\/project\/metalu-400\/\">METALU 400<\/a> and <a href=\"https:\/\/ascensoracuatico.com\/project\/metalu-600-2\/\">METALU 600<\/a> models. It is a tailor-made cover that completely protects the lift when it is folded away, ensuring it always remains like new. It is made with PVC blackout fabric and offers advantages such as protecting your <strong>aquatic lift<\/strong> from possible scratches, dust, humidity, sun, unauthorized use by third parties, or extreme temperatures. Furthermore, it is fireproof, waterproof, and has a great insulation capacity. Protect your investment and extend the life of your lift with our durable cover!   <\/p>\n<p><!-- \/wp:paragraph --><!-- wp:paragraph --><\/p>\n<p>\u00a0<\/p>\n\t\t\t\t\t\t\t\t<\/div>\n\t\t\t\t\t<\/div>\n\t\t\t\t<\/div>\n\t\t\t\t<\/div>\n\t\t\t\t<div data-elementor-type=\"loop-item\" data-elementor-id=\"3076\" class=\"elementor elementor-3076 elementor-1730 elementor-1730 e-loop-item e-loop-item-583 post-583 complemento-acf type-complemento-acf status-publish has-post-thumbnail hentry\" data-elementor-post-type=\"elementor_library\" data-custom-edit-handle=\"1\">\n\t\t\t<div class=\"elementor-element elementor-element-d6c0d3a e-flex e-con-boxed e-con e-parent\" data-id=\"d6c0d3a\" data-element_type=\"container\" data-e-type=\"container\" data-settings=\"{&quot;background_background&quot;:&quot;classic&quot;}\">\n\t\t\t\t\t<div class=\"e-con-inner\">\n\t\t\t\t<div class=\"elementor-element elementor-element-71ee976 elementor-widget elementor-widget-image\" data-id=\"71ee976\" data-element_type=\"widget\" data-e-type=\"widget\" data-widget_type=\"image.default\">\n\t\t\t\t\t\t\t\t\t\t\t\t\t\t\t<img decoding=\"async\" width=\"600\" height=\"463\" src=\"https:\/\/ascensoracuatico.com\/wp-content\/uploads\/2026\/03\/comp2.jpg\" class=\"attachment-large size-large wp-image-568\" alt=\"\" srcset=\"https:\/\/ascensoracuatico.com\/wp-content\/uploads\/2026\/03\/comp2.jpg 600w, https:\/\/ascensoracuatico.com\/wp-content\/uploads\/2026\/03\/comp2-64x49.jpg 64w, https:\/\/ascensoracuatico.com\/wp-content\/uploads\/2026\/03\/comp2-300x232.jpg 300w, https:\/\/ascensoracuatico.com\/wp-content\/uploads\/2026\/03\/comp2-80x62.jpg 80w\" sizes=\"(max-width: 600px) 100vw, 600px\" \/>\t\t\t\t\t\t\t\t\t\t\t\t\t\t\t<\/div>\n\t\t\t\t<div class=\"elementor-element elementor-element-a6322c1 elementor-widget elementor-widget-heading\" data-id=\"a6322c1\" data-element_type=\"widget\" data-e-type=\"widget\" data-widget_type=\"heading.default\">\n\t\t\t\t\t<h2 class=\"elementor-heading-title elementor-size-default\">Ducha auxiliar<\/h2>\t\t\t\t<\/div>\n\t\t\t\t<div class=\"elementor-element elementor-element-eb2bc66 elementor-widget elementor-widget-text-editor\" data-id=\"eb2bc66\" data-element_type=\"widget\" data-e-type=\"widget\" data-widget_type=\"text-editor.default\">\n\t\t\t\t\t\t\t\t\t<p>Solo est\u00e1 disponible para los modelos <a href=\"https:\/\/ascensoracuatico.com\/project\/metalu-pk\/\"><strong>METALU PK<\/strong><\/a><strong> y<\/strong><a href=\"https:\/\/ascensoracuatico.com\/project\/elevador-hidraulico-piscina-mod-metalu-b2\/\"><strong> METALU B-2<\/strong><\/a>. Este producto ofrece m\u00e1s confort al <strong>elevador de piscina<\/strong>, ya que aporta comodidad a la persona que lo use para ducharse tanto antes, como despu\u00e9s del ba\u00f1o, pudiendo aclararse en la silla con agua dulce. Se inserta en la instalaci\u00f3n hidr\u00e1ulica<\/p>\n\t\t\t\t\t\t\t\t<\/div>\n\t\t\t\t\t<\/div>\n\t\t\t\t<\/div>\n\t\t\t\t<\/div>\n\t\t\t\t<div data-elementor-type=\"loop-item\" data-elementor-id=\"3076\" class=\"elementor elementor-3076 elementor-1730 elementor-1730 e-loop-item e-loop-item-2744 post-2744 complemento-acf type-complemento-acf status-publish has-post-thumbnail hentry\" data-elementor-post-type=\"elementor_library\" data-custom-edit-handle=\"1\">\n\t\t\t<div class=\"elementor-element elementor-element-d6c0d3a e-flex e-con-boxed e-con e-parent\" data-id=\"d6c0d3a\" data-element_type=\"container\" data-e-type=\"container\" data-settings=\"{&quot;background_background&quot;:&quot;classic&quot;}\">\n\t\t\t\t\t<div class=\"e-con-inner\">\n\t\t\t\t<div class=\"elementor-element elementor-element-71ee976 elementor-widget elementor-widget-image\" data-id=\"71ee976\" data-element_type=\"widget\" data-e-type=\"widget\" data-widget_type=\"image.default\">\n\t\t\t\t\t\t\t\t\t\t\t\t\t\t\t<img loading=\"lazy\" decoding=\"async\" width=\"600\" height=\"463\" src=\"https:\/\/ascensoracuatico.com\/wp-content\/uploads\/2026\/03\/comp4.jpg\" class=\"attachment-large size-large wp-image-2745\" alt=\"\" srcset=\"https:\/\/ascensoracuatico.com\/wp-content\/uploads\/2026\/03\/comp4.jpg 600w, https:\/\/ascensoracuatico.com\/wp-content\/uploads\/2026\/03\/comp4-64x49.jpg 64w, https:\/\/ascensoracuatico.com\/wp-content\/uploads\/2026\/03\/comp4-300x232.jpg 300w, https:\/\/ascensoracuatico.com\/wp-content\/uploads\/2026\/03\/comp4-80x62.jpg 80w\" sizes=\"(max-width: 600px) 100vw, 600px\" \/>\t\t\t\t\t\t\t\t\t\t\t\t\t\t\t<\/div>\n\t\t\t\t<div class=\"elementor-element elementor-element-a6322c1 elementor-widget elementor-widget-heading\" data-id=\"a6322c1\" data-element_type=\"widget\" data-e-type=\"widget\" data-widget_type=\"heading.default\">\n\t\t\t\t\t<h2 class=\"elementor-heading-title elementor-size-default\">Footrest<\/h2>\t\t\t\t<\/div>\n\t\t\t\t<div class=\"elementor-element elementor-element-eb2bc66 elementor-widget elementor-widget-text-editor\" data-id=\"eb2bc66\" data-element_type=\"widget\" data-e-type=\"widget\" data-widget_type=\"text-editor.default\">\n\t\t\t\t\t\t\t\t\t<p>Although not necessary for all our <strong>pool lifts<\/strong>, it can be optionally incorporated if the user needs it on those models that do not include it as standard. It integrates perfectly into the seat and can be folded upwards if preferred. <\/p>\n\t\t\t\t\t\t\t\t<\/div>\n\t\t\t\t\t<\/div>\n\t\t\t\t<\/div>\n\t\t\t\t<\/div>\n\t\t\t\t<div data-elementor-type=\"loop-item\" data-elementor-id=\"3076\" class=\"elementor elementor-3076 elementor-1730 elementor-1730 e-loop-item e-loop-item-2746 post-2746 complemento-acf type-complemento-acf status-publish has-post-thumbnail hentry\" data-elementor-post-type=\"elementor_library\" data-custom-edit-handle=\"1\">\n\t\t\t<div class=\"elementor-element elementor-element-d6c0d3a e-flex e-con-boxed e-con e-parent\" data-id=\"d6c0d3a\" data-element_type=\"container\" data-e-type=\"container\" data-settings=\"{&quot;background_background&quot;:&quot;classic&quot;}\">\n\t\t\t\t\t<div class=\"e-con-inner\">\n\t\t\t\t<div class=\"elementor-element elementor-element-71ee976 elementor-widget elementor-widget-image\" data-id=\"71ee976\" data-element_type=\"widget\" data-e-type=\"widget\" data-widget_type=\"image.default\">\n\t\t\t\t\t\t\t\t\t\t\t\t\t\t\t<img loading=\"lazy\" decoding=\"async\" width=\"600\" height=\"464\" src=\"https:\/\/ascensoracuatico.com\/wp-content\/uploads\/2026\/03\/comp6.jpg\" class=\"attachment-large size-large wp-image-2747\" alt=\"\" srcset=\"https:\/\/ascensoracuatico.com\/wp-content\/uploads\/2026\/03\/comp6.jpg 600w, https:\/\/ascensoracuatico.com\/wp-content\/uploads\/2026\/03\/comp6-64x49.jpg 64w, https:\/\/ascensoracuatico.com\/wp-content\/uploads\/2026\/03\/comp6-300x232.jpg 300w, https:\/\/ascensoracuatico.com\/wp-content\/uploads\/2026\/03\/comp6-80x62.jpg 80w\" sizes=\"(max-width: 600px) 100vw, 600px\" \/>\t\t\t\t\t\t\t\t\t\t\t\t\t\t\t<\/div>\n\t\t\t\t<div class=\"elementor-element elementor-element-a6322c1 elementor-widget elementor-widget-heading\" data-id=\"a6322c1\" data-element_type=\"widget\" data-e-type=\"widget\" data-widget_type=\"heading.default\">\n\t\t\t\t\t<h2 class=\"elementor-heading-title elementor-size-default\">Stop for polyester or liner pools<\/h2>\t\t\t\t<\/div>\n\t\t\t\t<div class=\"elementor-element elementor-element-eb2bc66 elementor-widget elementor-widget-text-editor\" data-id=\"eb2bc66\" data-element_type=\"widget\" data-e-type=\"widget\" data-widget_type=\"text-editor.default\">\n\t\t\t\t\t\t\t\t\t<p>This is an <strong>exclusive<\/strong> addition for <a href=\"https:\/\/ascensoracuatico.com\/project\/metalu-pk\/\">METALU PK<\/a>. It protects the wall of the polyester or liner pool from contact with the lift&#8217;s support point on the wall itself. A piece with a larger contact surface, protected by a rubber cover, is added.  <\/p>\n\t\t\t\t\t\t\t\t<\/div>\n\t\t\t\t\t<\/div>\n\t\t\t\t<\/div>\n\t\t\t\t<\/div>\n\t\t\t\t<div data-elementor-type=\"loop-item\" data-elementor-id=\"3076\" class=\"elementor elementor-3076 elementor-1730 elementor-1730 e-loop-item e-loop-item-2748 post-2748 complemento-acf type-complemento-acf status-publish has-post-thumbnail hentry\" data-elementor-post-type=\"elementor_library\" data-custom-edit-handle=\"1\">\n\t\t\t<div class=\"elementor-element elementor-element-d6c0d3a e-flex e-con-boxed e-con e-parent\" data-id=\"d6c0d3a\" data-element_type=\"container\" data-e-type=\"container\" data-settings=\"{&quot;background_background&quot;:&quot;classic&quot;}\">\n\t\t\t\t\t<div class=\"e-con-inner\">\n\t\t\t\t<div class=\"elementor-element elementor-element-71ee976 elementor-widget elementor-widget-image\" data-id=\"71ee976\" data-element_type=\"widget\" data-e-type=\"widget\" data-widget_type=\"image.default\">\n\t\t\t\t\t\t\t\t\t\t\t\t\t\t\t<img loading=\"lazy\" decoding=\"async\" width=\"600\" height=\"464\" src=\"https:\/\/ascensoracuatico.com\/wp-content\/uploads\/2026\/03\/comp3.jpg\" class=\"attachment-large size-large wp-image-2749\" alt=\"\" srcset=\"https:\/\/ascensoracuatico.com\/wp-content\/uploads\/2026\/03\/comp3.jpg 600w, https:\/\/ascensoracuatico.com\/wp-content\/uploads\/2026\/03\/comp3-64x49.jpg 64w, https:\/\/ascensoracuatico.com\/wp-content\/uploads\/2026\/03\/comp3-300x232.jpg 300w, https:\/\/ascensoracuatico.com\/wp-content\/uploads\/2026\/03\/comp3-80x62.jpg 80w\" sizes=\"(max-width: 600px) 100vw, 600px\" \/>\t\t\t\t\t\t\t\t\t\t\t\t\t\t\t<\/div>\n\t\t\t\t<div class=\"elementor-element elementor-element-a6322c1 elementor-widget elementor-widget-heading\" data-id=\"a6322c1\" data-element_type=\"widget\" data-e-type=\"widget\" data-widget_type=\"heading.default\">\n\t\t\t\t\t<h2 class=\"elementor-heading-title elementor-size-default\">Safety belt<\/h2>\t\t\t\t<\/div>\n\t\t\t\t<div class=\"elementor-element elementor-element-eb2bc66 elementor-widget elementor-widget-text-editor\" data-id=\"eb2bc66\" data-element_type=\"widget\" data-e-type=\"widget\" data-widget_type=\"text-editor.default\">\n\t\t\t\t\t\t\t\t\t<p>This is a harness designed to secure and keep the user upright in the seat during the operation of the lift. It is an <strong>extra safety accessory<\/strong>, which can be <strong>added to any of our aquatic lifts<\/strong>. Ideal for people who have low body stability. Ensure maximum safety with our custom-fit safety harness!  <\/p>\n<p><!-- \/wp:paragraph --><!-- wp:paragraph --><\/p>\n<p>\u00a0<\/p>\n\t\t\t\t\t\t\t\t<\/div>\n\t\t\t\t\t<\/div>\n\t\t\t\t<\/div>\n\t\t\t\t<\/div>\n\t\t\t\t<\/div>\n\t\t\n\t\t\t\t\t\t<\/div>\n\t\t\t\t<\/div>\n\t\t\t\t\t<\/div>\n\t\t\t\t<\/div>\n\t\t\t\t<\/div>\n\t\t","protected":false},"excerpt":{"rendered":"<p>Accessories for lifts METALU Pool Lifts offer the option to add certain accessories with the aim of increasing user comfort and safety, resulting in a more ergonomic product. These can be easily attached at any time, both when purchasing the swimming pool hoist and later on, regardless of whether it is already installed. Multiple accessories [&hellip;]<\/p>\n","protected":false},"author":3,"featured_media":0,"parent":0,"menu_order":0,"comment_status":"closed","ping_status":"closed","template":"","meta":{"_acf_changed":false,"footnotes":""},"class_list":["post-2456","page","type-page","status-publish","hentry"],"acf":[],"jetpack_sharing_enabled":true,"_links":{"self":[{"href":"https:\/\/ascensoracuatico.com\/en\/wp-json\/wp\/v2\/pages\/2456","targetHints":{"allow":["GET"]}}],"collection":[{"href":"https:\/\/ascensoracuatico.com\/en\/wp-json\/wp\/v2\/pages"}],"about":[{"href":"https:\/\/ascensoracuatico.com\/en\/wp-json\/wp\/v2\/types\/page"}],"author":[{"embeddable":true,"href":"https:\/\/ascensoracuatico.com\/en\/wp-json\/wp\/v2\/users\/3"}],"replies":[{"embeddable":true,"href":"https:\/\/ascensoracuatico.com\/en\/wp-json\/wp\/v2\/comments?post=2456"}],"version-history":[{"count":3,"href":"https:\/\/ascensoracuatico.com\/en\/wp-json\/wp\/v2\/pages\/2456\/revisions"}],"predecessor-version":[{"id":2459,"href":"https:\/\/ascensoracuatico.com\/en\/wp-json\/wp\/v2\/pages\/2456\/revisions\/2459"}],"wp:attachment":[{"href":"https:\/\/ascensoracuatico.com\/en\/wp-json\/wp\/v2\/media?parent=2456"}],"curies":[{"name":"wp","href":"https:\/\/api.w.org\/{rel}","templated":true}]}}