{"id":4359,"date":"2026-03-31T11:39:23","date_gmt":"2026-03-31T11:39:23","guid":{"rendered":"https:\/\/ascensoracuatico.com\/complementi-per-sollevatori\/"},"modified":"2026-05-14T16:08:30","modified_gmt":"2026-05-14T16:08:30","slug":"complementi-per-sollevatori","status":"publish","type":"page","link":"https:\/\/ascensoracuatico.com\/it\/complementi-per-sollevatori\/","title":{"rendered":"Complementi per sollevatori"},"content":{"rendered":"\t\t<div data-elementor-type=\"wp-page\" data-elementor-id=\"4359\" class=\"elementor elementor-4359 elementor-1724\" data-elementor-post-type=\"page\">\n\t\t\t\t<div class=\"elementor-element elementor-element-9775672 e-flex e-con-boxed e-con e-parent\" data-id=\"9775672\" data-element_type=\"container\" data-e-type=\"container\" data-settings=\"{&quot;background_background&quot;:&quot;classic&quot;}\">\n\t\t\t\t\t<div class=\"e-con-inner\">\n\t\t<div class=\"elementor-element elementor-element-e151dac e-con-full e-flex e-con e-child\" data-id=\"e151dac\" data-element_type=\"container\" data-e-type=\"container\">\n\t\t\t\t<div class=\"elementor-element elementor-element-00152ae elementor-widget elementor-widget-heading\" data-id=\"00152ae\" data-element_type=\"widget\" data-e-type=\"widget\" data-widget_type=\"heading.default\">\n\t\t\t\t\t<h1 class=\"elementor-heading-title elementor-size-default\">Complementi per sollevatori<\/h1>\t\t\t\t<\/div>\n\t\t\t\t<\/div>\n\t\t<div class=\"elementor-element elementor-element-6dcf84b e-con-full e-flex e-con e-child\" data-id=\"6dcf84b\" data-element_type=\"container\" data-e-type=\"container\">\n\t\t\t\t<div class=\"elementor-element elementor-element-8979a01 elementor-widget__width-initial elementor-widget-tablet__width-initial elementor-widget-mobile__width-inherit elementor-widget elementor-widget-text-editor\" data-id=\"8979a01\" data-element_type=\"widget\" data-e-type=\"widget\" data-widget_type=\"text-editor.default\">\n\t\t\t\t\t\t\t\t\t<p>Gli elevatori per piscina METALU offrono la possibilit\u00e0 di aggiungere diversi accessori per aumentare il comfort e la sicurezza dell\u2019utente e ottenere un prodotto pi\u00f9 ergonomico.<\/p>\t\t\t\t\t\t\t\t<\/div>\n\t\t\t\t<div class=\"elementor-element elementor-element-3553d66 elementor-widget__width-initial elementor-widget-tablet__width-inherit elementor-widget-mobile__width-inherit elementor-widget elementor-widget-text-editor\" data-id=\"3553d66\" data-element_type=\"widget\" data-e-type=\"widget\" data-widget_type=\"text-editor.default\">\n\t\t\t\t\t\t\t\t\t<p>Questi possono essere installati facilmente in qualsiasi momento, sia al momento dell\u2019acquisto del sollevatore per piscina sia successivamente, anche se \u00e8 gi\u00e0 installato.<\/p>\t\t\t\t\t\t\t\t<\/div>\n\t\t\t\t<\/div>\n\t\t\t\t\t<\/div>\n\t\t\t\t<\/div>\n\t\t<div class=\"elementor-element elementor-element-e12c23a e-flex e-con-boxed e-con e-parent\" data-id=\"e12c23a\" data-element_type=\"container\" data-e-type=\"container\" data-settings=\"{&quot;background_background&quot;:&quot;classic&quot;}\">\n\t\t\t\t\t<div class=\"e-con-inner\">\n\t\t\t\t<div class=\"elementor-element elementor-element-f3464af elementor-grid-3 elementor-grid-tablet-2 elementor-grid-mobile-1 elementor-widget elementor-widget-loop-grid\" data-id=\"f3464af\" data-element_type=\"widget\" data-e-type=\"widget\" data-settings=\"{&quot;template_id&quot;:1730,&quot;columns&quot;:3,&quot;_skin&quot;:&quot;post&quot;,&quot;columns_tablet&quot;:&quot;2&quot;,&quot;columns_mobile&quot;:&quot;1&quot;,&quot;edit_handle_selector&quot;:&quot;[data-elementor-type=\\&quot;loop-item\\&quot;]&quot;,&quot;row_gap&quot;:{&quot;unit&quot;:&quot;px&quot;,&quot;size&quot;:&quot;&quot;,&quot;sizes&quot;:[]},&quot;row_gap_tablet&quot;:{&quot;unit&quot;:&quot;px&quot;,&quot;size&quot;:&quot;&quot;,&quot;sizes&quot;:[]},&quot;row_gap_mobile&quot;:{&quot;unit&quot;:&quot;px&quot;,&quot;size&quot;:&quot;&quot;,&quot;sizes&quot;:[]}}\" data-widget_type=\"loop-grid.post\">\n\t\t\t\t<div class=\"elementor-widget-container\">\n\t\t\t\t\t\t\t<div class=\"elementor-loop-container elementor-grid\" role=\"list\">\n\t\t<style id=\"loop-1730\">.elementor-1730 .elementor-element.elementor-element-d6c0d3a{--display:flex;--flex-direction:column;--container-widget-width:100%;--container-widget-height:initial;--container-widget-flex-grow:0;--container-widget-align-self:initial;--flex-wrap-mobile:wrap;--gap:10px 10px;--row-gap:10px;--column-gap:10px;--border-radius:15px 15px 15px 15px;}.elementor-1730 .elementor-element.elementor-element-d6c0d3a:not(.elementor-motion-effects-element-type-background), .elementor-1730 .elementor-element.elementor-element-d6c0d3a > .elementor-motion-effects-container > .elementor-motion-effects-layer{background-color:var( --e-global-color-primary );}.elementor-widget-image .widget-image-caption{color:var( --e-global-color-text );font-family:var( --e-global-typography-text-font-family ), Sans-serif;font-size:var( --e-global-typography-text-font-size );font-weight:var( --e-global-typography-text-font-weight );line-height:var( --e-global-typography-text-line-height );}.elementor-1730 .elementor-element.elementor-element-71ee976 img{border-radius:10px 10px 10px 10px;}.elementor-widget-heading .elementor-heading-title{font-family:var( --e-global-typography-primary-font-family ), Sans-serif;font-size:var( --e-global-typography-primary-font-size );font-weight:var( --e-global-typography-primary-font-weight );line-height:var( --e-global-typography-primary-line-height );color:var( --e-global-color-primary );}.elementor-1730 .elementor-element.elementor-element-a6322c1 .elementor-heading-title{font-family:var( --e-global-typography-46225ab-font-family ), Sans-serif;font-size:var( --e-global-typography-46225ab-font-size );font-weight:var( --e-global-typography-46225ab-font-weight );line-height:var( --e-global-typography-46225ab-line-height );letter-spacing:var( --e-global-typography-46225ab-letter-spacing );word-spacing:var( --e-global-typography-46225ab-word-spacing );color:var( --e-global-color-secondary );}.elementor-widget-text-editor{font-family:var( --e-global-typography-text-font-family ), Sans-serif;font-size:var( --e-global-typography-text-font-size );font-weight:var( --e-global-typography-text-font-weight );line-height:var( --e-global-typography-text-line-height );color:var( --e-global-color-text );}.elementor-widget-text-editor.elementor-drop-cap-view-stacked .elementor-drop-cap{background-color:var( --e-global-color-primary );}.elementor-widget-text-editor.elementor-drop-cap-view-framed .elementor-drop-cap, .elementor-widget-text-editor.elementor-drop-cap-view-default .elementor-drop-cap{color:var( --e-global-color-primary );border-color:var( --e-global-color-primary );}.elementor-1730 .elementor-element.elementor-element-eb2bc66{font-family:var( --e-global-typography-20d6e6b-font-family ), Sans-serif;font-size:var( --e-global-typography-20d6e6b-font-size );font-weight:var( --e-global-typography-20d6e6b-font-weight );line-height:var( --e-global-typography-20d6e6b-line-height );letter-spacing:var( --e-global-typography-20d6e6b-letter-spacing );word-spacing:var( --e-global-typography-20d6e6b-word-spacing );color:var( --e-global-color-secondary );padding:0% 0% 6% 0%;}.elementor-1730 .elementor-element.elementor-element-eb2bc66 a{color:var( --e-global-color-accent );}@media(min-width:768px){.elementor-1730 .elementor-element.elementor-element-d6c0d3a{--content-width:500px;}}@media(max-width:1024px){.elementor-widget-image .widget-image-caption{font-size:var( --e-global-typography-text-font-size );line-height:var( --e-global-typography-text-line-height );}.elementor-widget-heading .elementor-heading-title{font-size:var( --e-global-typography-primary-font-size );line-height:var( --e-global-typography-primary-line-height );}.elementor-1730 .elementor-element.elementor-element-a6322c1 .elementor-heading-title{font-size:var( --e-global-typography-46225ab-font-size );line-height:var( --e-global-typography-46225ab-line-height );letter-spacing:var( --e-global-typography-46225ab-letter-spacing );word-spacing:var( --e-global-typography-46225ab-word-spacing );}.elementor-widget-text-editor{font-size:var( --e-global-typography-text-font-size );line-height:var( --e-global-typography-text-line-height );}.elementor-1730 .elementor-element.elementor-element-eb2bc66{font-size:var( --e-global-typography-20d6e6b-font-size );line-height:var( --e-global-typography-20d6e6b-line-height );letter-spacing:var( --e-global-typography-20d6e6b-letter-spacing );word-spacing:var( --e-global-typography-20d6e6b-word-spacing );}}@media(max-width:767px){.elementor-widget-image .widget-image-caption{font-size:var( --e-global-typography-text-font-size );line-height:var( --e-global-typography-text-line-height );}.elementor-widget-heading .elementor-heading-title{font-size:var( --e-global-typography-primary-font-size );line-height:var( --e-global-typography-primary-line-height );}.elementor-1730 .elementor-element.elementor-element-a6322c1 .elementor-heading-title{font-size:var( --e-global-typography-46225ab-font-size );line-height:var( --e-global-typography-46225ab-line-height );letter-spacing:var( --e-global-typography-46225ab-letter-spacing );word-spacing:var( --e-global-typography-46225ab-word-spacing );}.elementor-widget-text-editor{font-size:var( --e-global-typography-text-font-size );line-height:var( --e-global-typography-text-line-height );}.elementor-1730 .elementor-element.elementor-element-eb2bc66{font-size:var( --e-global-typography-20d6e6b-font-size );line-height:var( --e-global-typography-20d6e6b-line-height );letter-spacing:var( --e-global-typography-20d6e6b-letter-spacing );word-spacing:var( --e-global-typography-20d6e6b-word-spacing );}}<\/style>\t\t<div data-elementor-type=\"loop-item\" data-elementor-id=\"1730\" class=\"elementor elementor-1730 e-loop-item e-loop-item-4301 post-4301 complemento-acf type-complemento-acf status-publish has-post-thumbnail hentry\" data-elementor-post-type=\"elementor_library\" data-custom-edit-handle=\"1\">\n\t\t\t<div class=\"elementor-element elementor-element-d6c0d3a e-flex e-con-boxed e-con e-parent\" data-id=\"d6c0d3a\" data-element_type=\"container\" data-e-type=\"container\" data-settings=\"{&quot;background_background&quot;:&quot;classic&quot;}\">\n\t\t\t\t\t<div class=\"e-con-inner\">\n\t\t\t\t<div class=\"elementor-element elementor-element-71ee976 elementor-widget elementor-widget-image\" data-id=\"71ee976\" data-element_type=\"widget\" data-e-type=\"widget\" data-widget_type=\"image.default\">\n\t\t\t\t\t\t\t\t\t\t\t\t\t\t\t<img fetchpriority=\"high\" decoding=\"async\" width=\"600\" height=\"463\" src=\"https:\/\/ascensoracuatico.com\/wp-content\/uploads\/2026\/03\/comp1.jpg\" class=\"attachment-large size-large wp-image-4294\" alt=\"\" srcset=\"https:\/\/ascensoracuatico.com\/wp-content\/uploads\/2026\/03\/comp1.jpg 600w, https:\/\/ascensoracuatico.com\/wp-content\/uploads\/2026\/03\/comp1-64x49.jpg 64w, https:\/\/ascensoracuatico.com\/wp-content\/uploads\/2026\/03\/comp1-300x232.jpg 300w, https:\/\/ascensoracuatico.com\/wp-content\/uploads\/2026\/03\/comp1-80x62.jpg 80w\" sizes=\"(max-width: 600px) 100vw, 600px\" \/>\t\t\t\t\t\t\t\t\t\t\t\t\t\t\t<\/div>\n\t\t\t\t<div class=\"elementor-element elementor-element-a6322c1 elementor-widget elementor-widget-heading\" data-id=\"a6322c1\" data-element_type=\"widget\" data-e-type=\"widget\" data-widget_type=\"heading.default\">\n\t\t\t\t\t<h2 class=\"elementor-heading-title elementor-size-default\">Braccioli ribaltabili<\/h2>\t\t\t\t<\/div>\n\t\t\t\t<div class=\"elementor-element elementor-element-eb2bc66 elementor-widget elementor-widget-text-editor\" data-id=\"eb2bc66\" data-element_type=\"widget\" data-e-type=\"widget\" data-widget_type=\"text-editor.default\">\n\t\t\t\t\t\t\t\t\t<p>Tutti i nostri sollevatori includono un bracciolo sul lato destro. Inoltre, \u00e8 possibile aggiungere un secondo braccio ribaltabile sul lato opposto per garantire all\u2019utente una maggiore sicurezza. Questo pu\u00f2 essere utilizzato come supporto per alzarsi durante il trasferimento sulla sedia. \u00c8 disponibile per tutti i modelli.  <\/p>\n\t\t\t\t\t\t\t\t<\/div>\n\t\t\t\t\t<\/div>\n\t\t\t\t<\/div>\n\t\t\t\t<\/div>\n\t\t\t\t<div data-elementor-type=\"loop-item\" data-elementor-id=\"1730\" class=\"elementor elementor-1730 e-loop-item e-loop-item-4300 post-4300 complemento-acf type-complemento-acf status-publish has-post-thumbnail hentry\" data-elementor-post-type=\"elementor_library\" data-custom-edit-handle=\"1\">\n\t\t\t<div class=\"elementor-element elementor-element-d6c0d3a e-flex e-con-boxed e-con e-parent\" data-id=\"d6c0d3a\" data-element_type=\"container\" data-e-type=\"container\" data-settings=\"{&quot;background_background&quot;:&quot;classic&quot;}\">\n\t\t\t\t\t<div class=\"e-con-inner\">\n\t\t\t\t<div class=\"elementor-element elementor-element-71ee976 elementor-widget elementor-widget-image\" data-id=\"71ee976\" data-element_type=\"widget\" data-e-type=\"widget\" data-widget_type=\"image.default\">\n\t\t\t\t\t\t\t\t\t\t\t\t\t\t\t<img decoding=\"async\" width=\"600\" height=\"463\" src=\"https:\/\/ascensoracuatico.com\/wp-content\/uploads\/2026\/03\/comp5.jpg\" class=\"attachment-large size-large wp-image-4296\" alt=\"\" srcset=\"https:\/\/ascensoracuatico.com\/wp-content\/uploads\/2026\/03\/comp5.jpg 600w, https:\/\/ascensoracuatico.com\/wp-content\/uploads\/2026\/03\/comp5-64x49.jpg 64w, https:\/\/ascensoracuatico.com\/wp-content\/uploads\/2026\/03\/comp5-300x232.jpg 300w, https:\/\/ascensoracuatico.com\/wp-content\/uploads\/2026\/03\/comp5-80x62.jpg 80w\" sizes=\"(max-width: 600px) 100vw, 600px\" \/>\t\t\t\t\t\t\t\t\t\t\t\t\t\t\t<\/div>\n\t\t\t\t<div class=\"elementor-element elementor-element-a6322c1 elementor-widget elementor-widget-heading\" data-id=\"a6322c1\" data-element_type=\"widget\" data-e-type=\"widget\" data-widget_type=\"heading.default\">\n\t\t\t\t\t<h2 class=\"elementor-heading-title elementor-size-default\">Copertura protettiva<\/h2>\t\t\t\t<\/div>\n\t\t\t\t<div class=\"elementor-element elementor-element-eb2bc66 elementor-widget elementor-widget-text-editor\" data-id=\"eb2bc66\" data-element_type=\"widget\" data-e-type=\"widget\" data-widget_type=\"text-editor.default\">\n\t\t\t\t\t\t\t\t\t<p>\u00c8 un accessorio esclusivo per i modelli <a href=\"https:\/\/ascensoracuatico.com\/project\/metalu-400\/\">METALU 400<\/a> e <a href=\"https:\/\/ascensoracuatico.com\/project\/metalu-600-2\/\">METALU 600<\/a>. Si tratta di una copertura su misura che protegge completamente il sollevatore quando \u00e8 riposto, consentendo che sia sempre pronto fin dal primo giorno. \u00c8 realizzata in tessuto foscuit in PVC e offre vantaggi come la protezione del sollevatore da graffi, polvere, umidit\u00e0, sole, utilizzi non autorizzati o temperature estreme. Inoltre, \u00e8 ignifuga, impermeabile e possiede un\u2019elevata capacit\u00e0 isolante.   <\/p>\n<p><!-- \/wp:paragraph --><!-- wp:paragraph --><\/p>\n<p>\u00a0<\/p>\n\t\t\t\t\t\t\t\t<\/div>\n\t\t\t\t\t<\/div>\n\t\t\t\t<\/div>\n\t\t\t\t<\/div>\n\t\t\t\t<div data-elementor-type=\"loop-item\" data-elementor-id=\"1730\" class=\"elementor elementor-1730 e-loop-item e-loop-item-4299 post-4299 complemento-acf type-complemento-acf status-publish has-post-thumbnail hentry\" data-elementor-post-type=\"elementor_library\" data-custom-edit-handle=\"1\">\n\t\t\t<div class=\"elementor-element elementor-element-d6c0d3a e-flex e-con-boxed e-con e-parent\" data-id=\"d6c0d3a\" data-element_type=\"container\" data-e-type=\"container\" data-settings=\"{&quot;background_background&quot;:&quot;classic&quot;}\">\n\t\t\t\t\t<div class=\"e-con-inner\">\n\t\t\t\t<div class=\"elementor-element elementor-element-71ee976 elementor-widget elementor-widget-image\" data-id=\"71ee976\" data-element_type=\"widget\" data-e-type=\"widget\" data-widget_type=\"image.default\">\n\t\t\t\t\t\t\t\t\t\t\t\t\t\t\t<img decoding=\"async\" width=\"600\" height=\"463\" src=\"https:\/\/ascensoracuatico.com\/wp-content\/uploads\/2026\/03\/comp2.jpg\" class=\"attachment-large size-large wp-image-4293\" alt=\"\" srcset=\"https:\/\/ascensoracuatico.com\/wp-content\/uploads\/2026\/03\/comp2.jpg 600w, https:\/\/ascensoracuatico.com\/wp-content\/uploads\/2026\/03\/comp2-64x49.jpg 64w, https:\/\/ascensoracuatico.com\/wp-content\/uploads\/2026\/03\/comp2-300x232.jpg 300w, https:\/\/ascensoracuatico.com\/wp-content\/uploads\/2026\/03\/comp2-80x62.jpg 80w\" sizes=\"(max-width: 600px) 100vw, 600px\" \/>\t\t\t\t\t\t\t\t\t\t\t\t\t\t\t<\/div>\n\t\t\t\t<div class=\"elementor-element elementor-element-a6322c1 elementor-widget elementor-widget-heading\" data-id=\"a6322c1\" data-element_type=\"widget\" data-e-type=\"widget\" data-widget_type=\"heading.default\">\n\t\t\t\t\t<h2 class=\"elementor-heading-title elementor-size-default\">Doccia ausiliaria<\/h2>\t\t\t\t<\/div>\n\t\t\t\t<div class=\"elementor-element elementor-element-eb2bc66 elementor-widget elementor-widget-text-editor\" data-id=\"eb2bc66\" data-element_type=\"widget\" data-e-type=\"widget\" data-widget_type=\"text-editor.default\">\n\t\t\t\t\t\t\t\t\t<p>\u00c8 disponibile solo per i modelli <a href=\"https:\/\/ascensoracuatico.com\/project\/metalu-pk\/\">METALU PK<\/a> e <a href=\"https:\/\/ascensoracuatico.com\/project\/elevador-hidraulico-piscina-mod-metalu-b2\/\">METALU B-2<\/a>. Questo prodotto offre maggiore comfort all\u2019utente del sollevatore per piscina, poich\u00e9 consente di fare la doccia sia prima che dopo il bagno, potendo sedersi sulla sedia con acqua dolce. Si integra nell\u2019impianto idraulico.  <\/p>\n\t\t\t\t\t\t\t\t<\/div>\n\t\t\t\t\t<\/div>\n\t\t\t\t<\/div>\n\t\t\t\t<\/div>\n\t\t\t\t<div data-elementor-type=\"loop-item\" data-elementor-id=\"1730\" class=\"elementor elementor-1730 e-loop-item e-loop-item-4298 post-4298 complemento-acf type-complemento-acf status-publish has-post-thumbnail hentry\" data-elementor-post-type=\"elementor_library\" data-custom-edit-handle=\"1\">\n\t\t\t<div class=\"elementor-element elementor-element-d6c0d3a e-flex e-con-boxed e-con e-parent\" data-id=\"d6c0d3a\" data-element_type=\"container\" data-e-type=\"container\" data-settings=\"{&quot;background_background&quot;:&quot;classic&quot;}\">\n\t\t\t\t\t<div class=\"e-con-inner\">\n\t\t\t\t<div class=\"elementor-element elementor-element-71ee976 elementor-widget elementor-widget-image\" data-id=\"71ee976\" data-element_type=\"widget\" data-e-type=\"widget\" data-widget_type=\"image.default\">\n\t\t\t\t\t\t\t\t\t\t\t\t\t\t\t<img loading=\"lazy\" decoding=\"async\" width=\"600\" height=\"463\" src=\"https:\/\/ascensoracuatico.com\/wp-content\/uploads\/2026\/03\/comp4.jpg\" class=\"attachment-large size-large wp-image-4291\" alt=\"\" srcset=\"https:\/\/ascensoracuatico.com\/wp-content\/uploads\/2026\/03\/comp4.jpg 600w, https:\/\/ascensoracuatico.com\/wp-content\/uploads\/2026\/03\/comp4-64x49.jpg 64w, https:\/\/ascensoracuatico.com\/wp-content\/uploads\/2026\/03\/comp4-300x232.jpg 300w, https:\/\/ascensoracuatico.com\/wp-content\/uploads\/2026\/03\/comp4-80x62.jpg 80w\" sizes=\"(max-width: 600px) 100vw, 600px\" \/>\t\t\t\t\t\t\t\t\t\t\t\t\t\t\t<\/div>\n\t\t\t\t<div class=\"elementor-element elementor-element-a6322c1 elementor-widget elementor-widget-heading\" data-id=\"a6322c1\" data-element_type=\"widget\" data-e-type=\"widget\" data-widget_type=\"heading.default\">\n\t\t\t\t\t<h2 class=\"elementor-heading-title elementor-size-default\">Poggiapiedi<\/h2>\t\t\t\t<\/div>\n\t\t\t\t<div class=\"elementor-element elementor-element-eb2bc66 elementor-widget elementor-widget-text-editor\" data-id=\"eb2bc66\" data-element_type=\"widget\" data-e-type=\"widget\" data-widget_type=\"text-editor.default\">\n\t\t\t\t\t\t\t\t\t<p>Sebbene non sia necessario su tutti i nostri sollevatori per piscina, pu\u00f2 essere aggiunto come optional se l\u2019utente lo necessita in quei modelli che non lo includono di serie. Si integra perfettamente con la sedia e pu\u00f2 essere ripiegato verso l\u2019alto, se desiderato. <\/p>\n\t\t\t\t\t\t\t\t<\/div>\n\t\t\t\t\t<\/div>\n\t\t\t\t<\/div>\n\t\t\t\t<\/div>\n\t\t\t\t<div data-elementor-type=\"loop-item\" data-elementor-id=\"1730\" class=\"elementor elementor-1730 e-loop-item e-loop-item-4297 post-4297 complemento-acf type-complemento-acf status-publish has-post-thumbnail hentry\" data-elementor-post-type=\"elementor_library\" data-custom-edit-handle=\"1\">\n\t\t\t<div class=\"elementor-element elementor-element-d6c0d3a e-flex e-con-boxed e-con e-parent\" data-id=\"d6c0d3a\" data-element_type=\"container\" data-e-type=\"container\" data-settings=\"{&quot;background_background&quot;:&quot;classic&quot;}\">\n\t\t\t\t\t<div class=\"e-con-inner\">\n\t\t\t\t<div class=\"elementor-element elementor-element-71ee976 elementor-widget elementor-widget-image\" data-id=\"71ee976\" data-element_type=\"widget\" data-e-type=\"widget\" data-widget_type=\"image.default\">\n\t\t\t\t\t\t\t\t\t\t\t\t\t\t\t<img loading=\"lazy\" decoding=\"async\" width=\"600\" height=\"464\" src=\"https:\/\/ascensoracuatico.com\/wp-content\/uploads\/2026\/03\/comp6.jpg\" class=\"attachment-large size-large wp-image-4295\" alt=\"\" srcset=\"https:\/\/ascensoracuatico.com\/wp-content\/uploads\/2026\/03\/comp6.jpg 600w, https:\/\/ascensoracuatico.com\/wp-content\/uploads\/2026\/03\/comp6-64x49.jpg 64w, https:\/\/ascensoracuatico.com\/wp-content\/uploads\/2026\/03\/comp6-300x232.jpg 300w, https:\/\/ascensoracuatico.com\/wp-content\/uploads\/2026\/03\/comp6-80x62.jpg 80w\" sizes=\"(max-width: 600px) 100vw, 600px\" \/>\t\t\t\t\t\t\t\t\t\t\t\t\t\t\t<\/div>\n\t\t\t\t<div class=\"elementor-element elementor-element-a6322c1 elementor-widget elementor-widget-heading\" data-id=\"a6322c1\" data-element_type=\"widget\" data-e-type=\"widget\" data-widget_type=\"heading.default\">\n\t\t\t\t\t<h2 class=\"elementor-heading-title elementor-size-default\">Fermo per piscine in poliestere o liner<\/h2>\t\t\t\t<\/div>\n\t\t\t\t<div class=\"elementor-element elementor-element-eb2bc66 elementor-widget elementor-widget-text-editor\" data-id=\"eb2bc66\" data-element_type=\"widget\" data-e-type=\"widget\" data-widget_type=\"text-editor.default\">\n\t\t\t\t\t\t\t\t\t<p>\u00c8 un accessorio esclusivo per<a href=\"https:\/\/ascensoracuatico.com\/project\/metalu-pk\/\"> METALU PK<\/a>. Protegge la parete della piscina in poliestere o liner dal contatto con il punto di appoggio del sollevatore sulla parete stessa. Viene aggiunto un elemento con una maggiore superficie di contatto, protetto da un rivestimento in gomma.  <\/p>\n\t\t\t\t\t\t\t\t<\/div>\n\t\t\t\t\t<\/div>\n\t\t\t\t<\/div>\n\t\t\t\t<\/div>\n\t\t\t\t<div data-elementor-type=\"loop-item\" data-elementor-id=\"1730\" class=\"elementor elementor-1730 e-loop-item e-loop-item-4290 post-4290 complemento-acf type-complemento-acf status-publish has-post-thumbnail hentry\" data-elementor-post-type=\"elementor_library\" data-custom-edit-handle=\"1\">\n\t\t\t<div class=\"elementor-element elementor-element-d6c0d3a e-flex e-con-boxed e-con e-parent\" data-id=\"d6c0d3a\" data-element_type=\"container\" data-e-type=\"container\" data-settings=\"{&quot;background_background&quot;:&quot;classic&quot;}\">\n\t\t\t\t\t<div class=\"e-con-inner\">\n\t\t\t\t<div class=\"elementor-element elementor-element-71ee976 elementor-widget elementor-widget-image\" data-id=\"71ee976\" data-element_type=\"widget\" data-e-type=\"widget\" data-widget_type=\"image.default\">\n\t\t\t\t\t\t\t\t\t\t\t\t\t\t\t<img loading=\"lazy\" decoding=\"async\" width=\"600\" height=\"464\" src=\"https:\/\/ascensoracuatico.com\/wp-content\/uploads\/2026\/03\/comp3.jpg\" class=\"attachment-large size-large wp-image-4292\" alt=\"\" srcset=\"https:\/\/ascensoracuatico.com\/wp-content\/uploads\/2026\/03\/comp3.jpg 600w, https:\/\/ascensoracuatico.com\/wp-content\/uploads\/2026\/03\/comp3-64x49.jpg 64w, https:\/\/ascensoracuatico.com\/wp-content\/uploads\/2026\/03\/comp3-300x232.jpg 300w, https:\/\/ascensoracuatico.com\/wp-content\/uploads\/2026\/03\/comp3-80x62.jpg 80w\" sizes=\"(max-width: 600px) 100vw, 600px\" \/>\t\t\t\t\t\t\t\t\t\t\t\t\t\t\t<\/div>\n\t\t\t\t<div class=\"elementor-element elementor-element-a6322c1 elementor-widget elementor-widget-heading\" data-id=\"a6322c1\" data-element_type=\"widget\" data-e-type=\"widget\" data-widget_type=\"heading.default\">\n\t\t\t\t\t<h2 class=\"elementor-heading-title elementor-size-default\">Cintura di sicurezza<\/h2>\t\t\t\t<\/div>\n\t\t\t\t<div class=\"elementor-element elementor-element-eb2bc66 elementor-widget elementor-widget-text-editor\" data-id=\"eb2bc66\" data-element_type=\"widget\" data-e-type=\"widget\" data-widget_type=\"text-editor.default\">\n\t\t\t\t\t\t\t\t\t<p>Si tratta di un\u2019imbracatura progettata per trattenere e mantenere sicuro l\u2019utente sul sedile durante il funzionamento del sollevatore. \u00c8 un accessorio extra di sicurezza che pu\u00f2 essere aggiunto a qualsiasi nostro sollevatore acquatico. Ideale per persone con ridotta stabilit\u00e0 corporea.  <\/p>\n<p><!-- \/wp:paragraph --><!-- wp:paragraph --><\/p>\n<p>\u00a0<\/p>\n\t\t\t\t\t\t\t\t<\/div>\n\t\t\t\t\t<\/div>\n\t\t\t\t<\/div>\n\t\t\t\t<\/div>\n\t\t\t\t<\/div>\n\t\t\n\t\t\t\t\t\t<\/div>\n\t\t\t\t<\/div>\n\t\t\t\t\t<\/div>\n\t\t\t\t<\/div>\n\t\t\t\t<\/div>\n\t\t","protected":false},"excerpt":{"rendered":"<p>Complementi per sollevatori Gli elevatori per piscina METALU offrono la possibilit\u00e0 di aggiungere diversi accessori per aumentare il comfort e la sicurezza dell\u2019utente e ottenere un prodotto pi\u00f9 ergonomico. Questi possono essere installati facilmente in qualsiasi momento, sia al momento dell\u2019acquisto del sollevatore per piscina sia successivamente, anche se \u00e8 gi\u00e0 installato.<\/p>\n","protected":false},"author":3,"featured_media":0,"parent":0,"menu_order":0,"comment_status":"closed","ping_status":"closed","template":"","meta":{"_acf_changed":false,"footnotes":""},"class_list":["post-4359","page","type-page","status-publish","hentry"],"acf":[],"jetpack_sharing_enabled":true,"_links":{"self":[{"href":"https:\/\/ascensoracuatico.com\/it\/wp-json\/wp\/v2\/pages\/4359","targetHints":{"allow":["GET"]}}],"collection":[{"href":"https:\/\/ascensoracuatico.com\/it\/wp-json\/wp\/v2\/pages"}],"about":[{"href":"https:\/\/ascensoracuatico.com\/it\/wp-json\/wp\/v2\/types\/page"}],"author":[{"embeddable":true,"href":"https:\/\/ascensoracuatico.com\/it\/wp-json\/wp\/v2\/users\/3"}],"replies":[{"embeddable":true,"href":"https:\/\/ascensoracuatico.com\/it\/wp-json\/wp\/v2\/comments?post=4359"}],"version-history":[{"count":1,"href":"https:\/\/ascensoracuatico.com\/it\/wp-json\/wp\/v2\/pages\/4359\/revisions"}],"predecessor-version":[{"id":4360,"href":"https:\/\/ascensoracuatico.com\/it\/wp-json\/wp\/v2\/pages\/4359\/revisions\/4360"}],"wp:attachment":[{"href":"https:\/\/ascensoracuatico.com\/it\/wp-json\/wp\/v2\/media?parent=4359"}],"curies":[{"name":"wp","href":"https:\/\/api.w.org\/{rel}","templated":true}]}}