{"id":4189,"date":"2026-03-14T17:19:56","date_gmt":"2026-03-14T17:19:56","guid":{"rendered":"https:\/\/ascensoracuatico.com\/project\/sollevatore-portatile-a-batteria-per-piscina-metalu-400\/"},"modified":"2026-03-14T17:19:56","modified_gmt":"2026-03-14T17:19:56","slug":"sollevatore-portatile-a-batteria-per-piscina-metalu-400","status":"publish","type":"product","link":"https:\/\/ascensoracuatico.com\/it\/project\/sollevatore-portatile-a-batteria-per-piscina-metalu-400\/","title":{"rendered":"Sollevatore portatile a batteria per piscina METALU 400"},"content":{"rendered":"","protected":false},"excerpt":{"rendered":"<p>METALU 400 \u00e8 un<strong> sollevatore portatile a batteria che non richiede installazione<\/strong>. Pu\u00f2 essere posizionato in qualsiasi punto della piscina e riposto quando non viene utilizzato. Inoltre, <strong>pu\u00f2 servire pi\u00f9 piscine della stessa struttura grazie alla sua facile trasportabilit\u00e0.<\/strong>  <\/p>\n","protected":false},"featured_media":1632,"comment_status":"open","ping_status":"closed","template":"","meta":{"_acf_changed":false},"product_brand":[],"product_cat":[81],"product_tag":[],"class_list":{"0":"post-4189","1":"product","2":"type-product","3":"status-publish","4":"has-post-thumbnail","6":"product_cat-sollevatori-a-batteria","8":"first","9":"instock","10":"shipping-taxable","11":"product-type-simple"},"acf":[],"jetpack_sharing_enabled":true,"_links":{"self":[{"href":"https:\/\/ascensoracuatico.com\/it\/wp-json\/wp\/v2\/product\/4189","targetHints":{"allow":["GET"]}}],"collection":[{"href":"https:\/\/ascensoracuatico.com\/it\/wp-json\/wp\/v2\/product"}],"about":[{"href":"https:\/\/ascensoracuatico.com\/it\/wp-json\/wp\/v2\/types\/product"}],"replies":[{"embeddable":true,"href":"https:\/\/ascensoracuatico.com\/it\/wp-json\/wp\/v2\/comments?post=4189"}],"wp:featuredmedia":[{"embeddable":true,"href":"https:\/\/ascensoracuatico.com\/it\/wp-json\/wp\/v2\/media\/1632"}],"wp:attachment":[{"href":"https:\/\/ascensoracuatico.com\/it\/wp-json\/wp\/v2\/media?parent=4189"}],"wp:term":[{"taxonomy":"product_brand","embeddable":true,"href":"https:\/\/ascensoracuatico.com\/it\/wp-json\/wp\/v2\/product_brand?post=4189"},{"taxonomy":"product_cat","embeddable":true,"href":"https:\/\/ascensoracuatico.com\/it\/wp-json\/wp\/v2\/product_cat?post=4189"},{"taxonomy":"product_tag","embeddable":true,"href":"https:\/\/ascensoracuatico.com\/it\/wp-json\/wp\/v2\/product_tag?post=4189"}],"curies":[{"name":"wp","href":"https:\/\/api.w.org\/{rel}","templated":true}]}}