{"id":4810,"date":"2026-03-29T18:14:42","date_gmt":"2026-03-29T18:14:42","guid":{"rendered":"https:\/\/ascensoracuatico.com\/politica-de-cookies\/"},"modified":"2026-05-15T14:25:05","modified_gmt":"2026-05-15T14:25:05","slug":"politica-de-cookies","status":"publish","type":"page","link":"https:\/\/ascensoracuatico.com\/pt-pt\/politica-de-cookies\/","title":{"rendered":"Pol\u00edtica de Cookies"},"content":{"rendered":"\t\t<div data-elementor-type=\"wp-page\" data-elementor-id=\"4810\" class=\"elementor elementor-4810 elementor-1264\" data-elementor-post-type=\"page\">\n\t\t\t\t<div class=\"elementor-element elementor-element-03e137a e-flex e-con-boxed e-con e-parent\" data-id=\"03e137a\" data-element_type=\"container\" data-e-type=\"container\">\n\t\t\t\t\t<div class=\"e-con-inner\">\n\t\t\t\t<div class=\"elementor-element elementor-element-0734abc elementor-widget elementor-widget-text-editor\" data-id=\"0734abc\" data-element_type=\"widget\" data-e-type=\"widget\" data-widget_type=\"text-editor.default\">\n\t\t\t\t\t\t\t\t\t<p><span style=\"font-weight: 400;\">DEFINI\u00c7\u00c3O E FUN\u00c7\u00c3O DOS COOKIES<\/span><\/p><p> <\/p><p><span style=\"font-weight: 400;\">Um cookie, tamb\u00e9m denominado testemunho de conex\u00e3o, \u00e9 uma informa\u00e7\u00e3o enviada por um site e armazenada no navegador do utilizador. Assim, permitem a uma p\u00e1gina web, entre outras coisas, armazenar e recuperar informa\u00e7\u00f5es sobre os h\u00e1bitos de navega\u00e7\u00e3o de um utilizador ou do seu equipamento. <\/span><\/p><p> <\/p><p><span style=\"font-weight: 400;\">TIPOS DE COOKIES<\/span><\/p><p> <\/p><p><span style=\"font-weight: 400;\">Em fun\u00e7\u00e3o do propriet\u00e1rio do cookie:<\/span><\/p><ol><li style=\"font-weight: 400;\" aria-level=\"1\"><span style=\"font-weight: 400;\">Cookies pr\u00f3prios: S\u00e3o enviados ao utilizador a partir de um equipamento ou dom\u00ednio gerido pelo pr\u00f3prio editor e a partir do qual \u00e9 prestado o servi\u00e7o solicitado pelo utilizador.<\/span><\/li><li style=\"font-weight: 400;\" aria-level=\"1\"><span style=\"font-weight: 400;\">Cookies de terceiros: S\u00e3o enviados ao utilizador a partir de um equipamento ou dom\u00ednio que n\u00e3o \u00e9 gerido pelo editor, mas por outra entidade que trata os dados obtidos atrav\u00e9s dos cookies.<\/span><\/li><\/ol><p><span style=\"font-weight: 400;\">Em fun\u00e7\u00e3o da dura\u00e7\u00e3o do cookie:<\/span><\/p><ol><li style=\"font-weight: 400;\" aria-level=\"1\"><span style=\"font-weight: 400;\">Cookies de sess\u00e3o: S\u00e3o um tipo de cookies concebidos para recolher e armazenar dados enquanto o utilizador acede a uma p\u00e1gina web.<\/span><\/li><li style=\"font-weight: 400;\" aria-level=\"1\"><span style=\"font-weight: 400;\">Cookies persistentes: Os dados continuam armazenados no terminal e podem ser acedidos e tratados durante um per\u00edodo definido pelo respons\u00e1vel pelo cookie, que pode variar entre alguns minutos e v\u00e1rios anos.<\/span><\/li><\/ol><p><span style=\"font-weight: 400;\">Em fun\u00e7\u00e3o da finalidade do cookie:<\/span><\/p><ol><li style=\"font-weight: 400;\" aria-level=\"1\"><span style=\"font-weight: 400;\">Cookies de an\u00e1lise: Permitem quantificar o n\u00famero de utilizadores e realizar a medi\u00e7\u00e3o e an\u00e1lise estat\u00edstica da utiliza\u00e7\u00e3o que fazem do servi\u00e7o oferecido. Para isso, analisa-se a sua navega\u00e7\u00e3o na nossa p\u00e1gina web com o objetivo de melhorar a oferta de produtos ou servi\u00e7os que disponibilizamos. <\/span><\/li><li style=\"font-weight: 400;\" aria-level=\"1\"><span style=\"font-weight: 400;\">Cookies publicit\u00e1rios: Permitem a gest\u00e3o, da forma mais eficaz poss\u00edvel, dos espa\u00e7os publicit\u00e1rios que, se for caso disso, o editor tenha inclu\u00eddo numa p\u00e1gina web, aplica\u00e7\u00e3o ou plataforma a partir da qual presta o servi\u00e7o solicitado, com base em crit\u00e9rios como o conte\u00fado editado ou a frequ\u00eancia com que os an\u00fancios s\u00e3o apresentados.<\/span><\/li><li style=\"font-weight: 400;\" aria-level=\"1\"><span style=\"font-weight: 400;\">Cookies de publicidade comportamental: Permitem a gest\u00e3o, da forma mais eficaz poss\u00edvel, dos espa\u00e7os publicit\u00e1rios que, se for caso disso, o editor tenha inclu\u00eddo numa p\u00e1gina web, aplica\u00e7\u00e3o ou plataforma a partir da qual presta o servi\u00e7o solicitado. Estes cookies armazenam informa\u00e7\u00f5es sobre o comportamento dos utilizadores obtidas atrav\u00e9s da observa\u00e7\u00e3o cont\u00ednua dos seus h\u00e1bitos de navega\u00e7\u00e3o, permitindo desenvolver um perfil espec\u00edfico para apresentar publicidade em fun\u00e7\u00e3o desse comportamento. <\/span><\/li><li style=\"font-weight: 400;\" aria-level=\"1\"><span style=\"font-weight: 400;\">Cookies t\u00e9cnicos: Permitem ao utilizador navegar atrav\u00e9s de uma p\u00e1gina web, plataforma ou aplica\u00e7\u00e3o e utilizar as diferentes op\u00e7\u00f5es ou servi\u00e7os nela existentes, como por exemplo controlar o tr\u00e1fego e a comunica\u00e7\u00e3o de dados, identificar a sess\u00e3o, aceder a \u00e1reas de acesso restrito, recordar os elementos que comp\u00f5em uma encomenda, realizar o processo de compra de uma encomenda, efetuar o pedido de inscri\u00e7\u00e3o ou participa\u00e7\u00e3o num evento, utilizar elementos de seguran\u00e7a durante a navega\u00e7\u00e3o, armazenar conte\u00fados para difus\u00e3o de v\u00eddeos ou som ou partilhar conte\u00fados atrav\u00e9s de redes sociais.<\/span><\/li><li style=\"font-weight: 400;\" aria-level=\"1\"><span style=\"font-weight: 400;\">Cookies de personaliza\u00e7\u00e3o: S\u00e3o aqueles que permitem ao utilizador aceder ao servi\u00e7o com algumas caracter\u00edsticas gerais predefinidas em fun\u00e7\u00e3o de uma s\u00e9rie de crit\u00e9rios no terminal do utilizador, como por exemplo o idioma, o tipo de navegador atrav\u00e9s do qual acede ao servi\u00e7o, a configura\u00e7\u00e3o regional a partir da qual acede ao servi\u00e7o, etc.<\/span><\/li><\/ol><p><span style=\"font-weight: 400;\"> <\/span><\/p><p> <\/p><p><span style=\"font-weight: 400;\">COOKIES UTILIZADOS NO NOSSO SITE<\/span><\/p><p> <\/p><p><span style=\"font-weight: 400;\">Em seguida apresentam-se os diferentes cookies utilizados no site:<\/span><\/p><p> <\/p><p>Nome \/ Finalidade<\/p><p>_ga Cookies do Google Analytics. Recolhe informa\u00e7\u00e3o an\u00f3nima sobre a navega\u00e7\u00e3o dos utilizadores pelo site com o objetivo de gerar dados estat\u00edsticos.<\/p><p>_gat Cookies do Google Analytics. Recolhe informa\u00e7\u00e3o an\u00f3nima sobre a navega\u00e7\u00e3o dos utilizadores pelo site com o objetivo de gerar dados estat\u00edsticos.<\/p><p>_gid Cookies do Google Analytics. Recolhe informa\u00e7\u00e3o an\u00f3nima sobre a navega\u00e7\u00e3o dos utilizadores pelo site com o objetivo de gerar dados estat\u00edsticos.<\/p><p> <\/p><p><span style=\"font-weight: 400;\">Aceita\u00e7\u00e3o da Pol\u00edtica de Cookies<\/span><\/p><p> <\/p><p><span style=\"font-weight: 400;\">Ao entrar no nosso site e perante esta informa\u00e7\u00e3o, pode realizar duas a\u00e7\u00f5es:<\/span><\/p><p> <\/p><p><span style=\"font-weight: 400;\">Aceitar cookies: a aceita\u00e7\u00e3o faz com que o aviso desapare\u00e7a e n\u00e3o volte a aparecer.<\/span><\/p><p><span style=\"font-weight: 400;\">Fechar: Oculta o aviso nesta p\u00e1gina. Se o utilizador continuar no site e n\u00e3o o abandonar, entender-se-\u00e1 que aceita a utiliza\u00e7\u00e3o de cookies. <\/span><\/p><p><span style=\"font-weight: 400;\"> <\/span><\/p><p><span style=\"font-weight: 400;\">Desativa\u00e7\u00e3o dos cookies<\/span><\/p><p> <\/p><p><span style=\"font-weight: 400;\">Informamos o nosso Utilizador de que, a qualquer momento, poder\u00e1 escolher quais os cookies que pretende que funcionem no seu navegador atrav\u00e9s da configura\u00e7\u00e3o do mesmo.<\/span><\/p><p> <\/p><p><span style=\"font-weight: 400;\">Altera\u00e7\u00e3o da sua configura\u00e7\u00e3o.<\/span><\/p><p> <\/p><p><span style=\"font-weight: 400;\">Ao alterar a configura\u00e7\u00e3o do seu navegador web, o Utilizador pode definir que seja notificado sempre que um cookie seja armazenado no seu computador. Ao alterar a configura\u00e7\u00e3o, tamb\u00e9m pode definir que o seu navegador n\u00e3o aceite cookies deste Site. No entanto, se o seu navegador n\u00e3o aceitar cookies deste Site, \u00e9 poss\u00edvel que n\u00e3o consiga aceder ou utilizar todas as funcionalidades do mesmo.  <\/span><\/p>\t\t\t\t\t\t\t\t<\/div>\n\t\t\t\t\t<\/div>\n\t\t\t\t<\/div>\n\t\t\t\t<\/div>\n\t\t","protected":false},"excerpt":{"rendered":"<p>DEFINI\u00c7\u00c3O E FUN\u00c7\u00c3O DOS COOKIES Um cookie, tamb\u00e9m denominado testemunho de conex\u00e3o, \u00e9 uma informa\u00e7\u00e3o enviada por um site e armazenada no navegador do utilizador. Assim, permitem a uma p\u00e1gina web, entre outras coisas, armazenar e recuperar informa\u00e7\u00f5es sobre os h\u00e1bitos de navega\u00e7\u00e3o de um utilizador ou do seu equipamento. TIPOS DE COOKIES Em fun\u00e7\u00e3o [&hellip;]<\/p>\n","protected":false},"author":3,"featured_media":0,"parent":0,"menu_order":0,"comment_status":"closed","ping_status":"closed","template":"","meta":{"_acf_changed":false,"footnotes":""},"class_list":["post-4810","page","type-page","status-publish","hentry"],"acf":[],"jetpack_sharing_enabled":true,"_links":{"self":[{"href":"https:\/\/ascensoracuatico.com\/pt-pt\/wp-json\/wp\/v2\/pages\/4810","targetHints":{"allow":["GET"]}}],"collection":[{"href":"https:\/\/ascensoracuatico.com\/pt-pt\/wp-json\/wp\/v2\/pages"}],"about":[{"href":"https:\/\/ascensoracuatico.com\/pt-pt\/wp-json\/wp\/v2\/types\/page"}],"author":[{"embeddable":true,"href":"https:\/\/ascensoracuatico.com\/pt-pt\/wp-json\/wp\/v2\/users\/3"}],"replies":[{"embeddable":true,"href":"https:\/\/ascensoracuatico.com\/pt-pt\/wp-json\/wp\/v2\/comments?post=4810"}],"version-history":[{"count":1,"href":"https:\/\/ascensoracuatico.com\/pt-pt\/wp-json\/wp\/v2\/pages\/4810\/revisions"}],"predecessor-version":[{"id":4811,"href":"https:\/\/ascensoracuatico.com\/pt-pt\/wp-json\/wp\/v2\/pages\/4810\/revisions\/4811"}],"wp:attachment":[{"href":"https:\/\/ascensoracuatico.com\/pt-pt\/wp-json\/wp\/v2\/media?parent=4810"}],"curies":[{"name":"wp","href":"https:\/\/api.w.org\/{rel}","templated":true}]}}