{"id":4576,"date":"2026-03-27T16:47:17","date_gmt":"2026-03-27T16:47:17","guid":{"rendered":"https:\/\/ascensoracuatico.com\/project\/elevador-hidraulico-metalu-pantalan\/"},"modified":"2026-03-27T16:47:17","modified_gmt":"2026-03-27T16:47:17","slug":"elevador-hidraulico-metalu-pantalan","status":"publish","type":"product","link":"https:\/\/ascensoracuatico.com\/pt-pt\/project\/elevador-hidraulico-metalu-pantalan\/","title":{"rendered":"Elevador hidr\u00e1ulico METALU Pantal\u00e1n"},"content":{"rendered":"","protected":false},"excerpt":{"rendered":"<p>Concebido para piscinas ou espa\u00e7os com grande perda de \u00e1gua, como<strong> pont\u00f5es, piscinas naturais e portos.<\/strong><\/p>\n","protected":false},"featured_media":1671,"comment_status":"closed","ping_status":"closed","template":"","meta":{"_acf_changed":false},"product_brand":[],"product_cat":[61],"product_tag":[],"class_list":{"0":"post-4576","1":"product","2":"type-product","3":"status-publish","4":"has-post-thumbnail","6":"product_cat-sem-categoria","8":"first","9":"instock","10":"product-type-simple"},"acf":[],"jetpack_sharing_enabled":true,"_links":{"self":[{"href":"https:\/\/ascensoracuatico.com\/pt-pt\/wp-json\/wp\/v2\/product\/4576","targetHints":{"allow":["GET"]}}],"collection":[{"href":"https:\/\/ascensoracuatico.com\/pt-pt\/wp-json\/wp\/v2\/product"}],"about":[{"href":"https:\/\/ascensoracuatico.com\/pt-pt\/wp-json\/wp\/v2\/types\/product"}],"replies":[{"embeddable":true,"href":"https:\/\/ascensoracuatico.com\/pt-pt\/wp-json\/wp\/v2\/comments?post=4576"}],"wp:featuredmedia":[{"embeddable":true,"href":"https:\/\/ascensoracuatico.com\/pt-pt\/wp-json\/wp\/v2\/media\/1671"}],"wp:attachment":[{"href":"https:\/\/ascensoracuatico.com\/pt-pt\/wp-json\/wp\/v2\/media?parent=4576"}],"wp:term":[{"taxonomy":"product_brand","embeddable":true,"href":"https:\/\/ascensoracuatico.com\/pt-pt\/wp-json\/wp\/v2\/product_brand?post=4576"},{"taxonomy":"product_cat","embeddable":true,"href":"https:\/\/ascensoracuatico.com\/pt-pt\/wp-json\/wp\/v2\/product_cat?post=4576"},{"taxonomy":"product_tag","embeddable":true,"href":"https:\/\/ascensoracuatico.com\/pt-pt\/wp-json\/wp\/v2\/product_tag?post=4576"}],"curies":[{"name":"wp","href":"https:\/\/api.w.org\/{rel}","templated":true}]}}